{"id":155,"date":"2024-06-14T21:58:58","date_gmt":"2024-06-14T21:58:58","guid":{"rendered":"https:\/\/tuplazagdl.com\/site\/?page_id=155"},"modified":"2024-06-17T06:02:16","modified_gmt":"2024-06-17T06:02:16","slug":"contacto-nevemex","status":"publish","type":"page","link":"https:\/\/tuplazagdl.com\/site\/contacto-nevemex\/","title":{"rendered":"Contacto Nevemex"},"content":{"rendered":"<p>[et_pb_section fb_built=\u00bb1&#8243; _builder_version=\u00bb4.24.1&#8243; _module_preset=\u00bbdefault\u00bb global_colors_info=\u00bb{}\u00bb][et_pb_row _builder_version=\u00bb4.24.1&#8243; _module_preset=\u00bbdefault\u00bb global_colors_info=\u00bb{}\u00bb][et_pb_column type=\u00bb4_4&#8243; _builder_version=\u00bb4.24.1&#8243; _module_preset=\u00bbdefault\u00bb global_colors_info=\u00bb{}\u00bb][et_pb_image src=\u00bbhttps:\/\/tuplazagdl.com\/site\/wp-content\/uploads\/2024\/06\/ban-contnev.jpg\u00bb title_text=\u00bbban-contnev\u00bb _builder_version=\u00bb4.24.1&#8243; _module_preset=\u00bbdefault\u00bb global_colors_info=\u00bb{}\u00bb][\/et_pb_image][\/et_pb_column][\/et_pb_row][et_pb_row _builder_version=\u00bb4.24.1&#8243; _module_preset=\u00bbdefault\u00bb global_colors_info=\u00bb{}\u00bb][et_pb_column type=\u00bb4_4&#8243; _builder_version=\u00bb4.24.1&#8243; _module_preset=\u00bbdefault\u00bb global_colors_info=\u00bb{}\u00bb][et_pb_text _builder_version=\u00bb4.24.1&#8243; _module_preset=\u00bbdefault\u00bb global_colors_info=\u00bb{}\u00bb]<\/p>\n<p>E-mail:<span>\u00a0<\/span><a href=\"mailto:ventasgdl@nevemex.com\">ventasgdl@nevemex.com<\/a><\/p>\n<p><strong>Sala de exhibici\u00f3n y Centro de Entrenamiento Profesional<\/strong><br \/>Montes Urales # 2538<br \/>Col. La Esperanza. Guadalajara, Jalisco, M\u00e9xico. C.P. 44300.<\/p>\n<p>Tels:<span>\u00a0<\/span><strong>01 (33) 3609 2985\u00a0\/ 1971 8689 \/ 9688 5564<\/strong><\/p>\n<p>[\/et_pb_text][\/et_pb_column][\/et_pb_row][et_pb_row _builder_version=\u00bb4.24.1&#8243; _module_preset=\u00bbdefault\u00bb global_colors_info=\u00bb{}\u00bb][et_pb_column type=\u00bb4_4&#8243; _builder_version=\u00bb4.24.1&#8243; _module_preset=\u00bbdefault\u00bb global_colors_info=\u00bb{}\u00bb][et_pb_text _builder_version=\u00bb4.24.1&#8243; _module_preset=\u00bbdefault\u00bb global_colors_info=\u00bb{}\u00bb]<\/p>\n<p><strong>Distribuidor:<\/strong><\/p>\n<p>Gaspar Bola\u00f1os #705<br \/>Col. Jardines Alcalde. Guadalajara, Jalisco, M\u00e9xico. C.P. 44298.<br \/>Tel: 01 (33) 3854 2747.<\/p>\n<p>Venta y Demostraci\u00f3n de equipo en<span>\u00a0<\/span><strong>Monterrey NL.:<span>\u00a0<\/span><\/strong>\u00a0Tel 81 1079 6585.<\/p>\n<p><a href=\"https:\/\/www.nevemex.com\/wp-content\/uploads\/2020\/02\/Vinil-1-x-80-mt.jpg\"><\/a><\/p>\n<p><img loading=\"lazy\" decoding=\"async\" src=\"https:\/\/tuplazagdl.com\/site\/wp-content\/uploads\/2024\/06\/Vinil-1-x-80-mt-300x240.jpeg\" width=\"233\" height=\"186\" alt=\"\" class=\"wp-image-163 alignnone size-medium\" \/><\/p>\n<p>&nbsp;<\/p>\n<p>Venta de equipo en USA: Tel. 813 567 1493 \/ 813 7133 396\/<br \/>813 420 3214.<\/p>\n<p>[\/et_pb_text][\/et_pb_column][\/et_pb_row][\/et_pb_section][et_pb_section fb_built=\u00bb1&#8243; _builder_version=\u00bb4.24.1&#8243; _module_preset=\u00bbdefault\u00bb global_colors_info=\u00bb{}\u00bb][et_pb_row _builder_version=\u00bb4.24.1&#8243; _module_preset=\u00bbdefault\u00bb global_colors_info=\u00bb{}\u00bb][et_pb_column type=\u00bb4_4&#8243; _builder_version=\u00bb4.24.1&#8243; _module_preset=\u00bbdefault\u00bb global_colors_info=\u00bb{}\u00bb][et_pb_contact_form email=\u00bbnevemex-contacto@tuplazagdl.com\u00bb title=\u00bbContacto\u00bb custom_message=\u00bbeste mensaje fue enviado desde nevemex||et_pb_line_break_holder||||et_pb_line_break_holder||Mi nombre: %%Nombre%%||et_pb_line_break_holder||Mi Correo: %%email%%||et_pb_line_break_holder||Ciudad: %%ciudad%%||et_pb_line_break_holder||Equipo de interes: %%equipo%%||et_pb_line_break_holder||Mi comentario: %%mensaje%%\u00bb use_redirect=\u00bbon\u00bb redirect_url=\u00bbhttps:\/\/www.nevemex.com\/\u00bb success_message=\u00bbEl mensaje fuew enviado con exito\u00bb _builder_version=\u00bb4.25.2&#8243; _module_preset=\u00bbdefault\u00bb _unique_id=\u00bb5b781753-daca-4b4b-b80e-0d7433b22803&#8243; hover_enabled=\u00bb0&#8243; global_colors_info=\u00bb{}\u00bb sticky_enabled=\u00bb0&#8243;][et_pb_contact_field field_id=\u00bbNombre\u00bb field_title=\u00bbNombre\u00bb _builder_version=\u00bb4.24.1&#8243; hover_enabled=\u00bb0&#8243; global_colors_info=\u00bb{}\u00bb button_text_size__hover_enabled=\u00bboff\u00bb button_one_text_size__hover_enabled=\u00bboff\u00bb button_two_text_size__hover_enabled=\u00bboff\u00bb button_text_color__hover_enabled=\u00bboff\u00bb button_one_text_color__hover_enabled=\u00bboff\u00bb button_two_text_color__hover_enabled=\u00bboff\u00bb button_border_width__hover_enabled=\u00bboff\u00bb button_one_border_width__hover_enabled=\u00bboff\u00bb button_two_border_width__hover_enabled=\u00bboff\u00bb button_border_color__hover_enabled=\u00bboff\u00bb button_one_border_color__hover_enabled=\u00bboff\u00bb button_two_border_color__hover_enabled=\u00bboff\u00bb button_border_radius__hover_enabled=\u00bboff\u00bb button_one_border_radius__hover_enabled=\u00bboff\u00bb button_two_border_radius__hover_enabled=\u00bboff\u00bb button_letter_spacing__hover_enabled=\u00bboff\u00bb button_one_letter_spacing__hover_enabled=\u00bboff\u00bb button_two_letter_spacing__hover_enabled=\u00bboff\u00bb button_bg_color__hover_enabled=\u00bboff\u00bb button_one_bg_color__hover_enabled=\u00bboff\u00bb button_two_bg_color__hover_enabled=\u00bboff\u00bb sticky_enabled=\u00bb0&#8243;][\/et_pb_contact_field][et_pb_contact_field field_id=\u00bbemail\u00bb field_title=\u00bbCorreo Electronico\u00bb field_type=\u00bbemail\u00bb _builder_version=\u00bb4.24.1&#8243; hover_enabled=\u00bb0&#8243; global_colors_info=\u00bb{}\u00bb button_text_size__hover_enabled=\u00bboff\u00bb button_one_text_size__hover_enabled=\u00bboff\u00bb button_two_text_size__hover_enabled=\u00bboff\u00bb button_text_color__hover_enabled=\u00bboff\u00bb button_one_text_color__hover_enabled=\u00bboff\u00bb button_two_text_color__hover_enabled=\u00bboff\u00bb button_border_width__hover_enabled=\u00bboff\u00bb button_one_border_width__hover_enabled=\u00bboff\u00bb button_two_border_width__hover_enabled=\u00bboff\u00bb button_border_color__hover_enabled=\u00bboff\u00bb button_one_border_color__hover_enabled=\u00bboff\u00bb button_two_border_color__hover_enabled=\u00bboff\u00bb button_border_radius__hover_enabled=\u00bboff\u00bb button_one_border_radius__hover_enabled=\u00bboff\u00bb button_two_border_radius__hover_enabled=\u00bboff\u00bb button_letter_spacing__hover_enabled=\u00bboff\u00bb button_one_letter_spacing__hover_enabled=\u00bboff\u00bb button_two_letter_spacing__hover_enabled=\u00bboff\u00bb button_bg_color__hover_enabled=\u00bboff\u00bb button_one_bg_color__hover_enabled=\u00bboff\u00bb button_two_bg_color__hover_enabled=\u00bboff\u00bb sticky_enabled=\u00bb0&#8243;][\/et_pb_contact_field][et_pb_contact_field field_id=\u00bbtel\u00bb field_title=\u00bbTelefono\u00bb fullwidth_field=\u00bbon\u00bb _builder_version=\u00bb4.25.2&#8243; _module_preset=\u00bbdefault\u00bb hover_enabled=\u00bb0&#8243; global_colors_info=\u00bb{}\u00bb sticky_enabled=\u00bb0&#8243;][\/et_pb_contact_field][et_pb_contact_field field_id=\u00bbciudad\u00bb field_title=\u00bbCiudad\u00bb fullwidth_field=\u00bbon\u00bb _builder_version=\u00bb4.25.2&#8243; _module_preset=\u00bbdefault\u00bb hover_enabled=\u00bb0&#8243; global_colors_info=\u00bb{}\u00bb sticky_enabled=\u00bb0&#8243;][\/et_pb_contact_field][et_pb_contact_field field_id=\u00bbequipo\u00bb field_title=\u00bbEquipo de Interes\u00bb fullwidth_field=\u00bbon\u00bb _builder_version=\u00bb4.25.2&#8243; _module_preset=\u00bbdefault\u00bb hover_enabled=\u00bb0&#8243; global_colors_info=\u00bb{}\u00bb sticky_enabled=\u00bb0&#8243;][\/et_pb_contact_field][et_pb_contact_field field_id=\u00bbmensaje\u00bb field_title=\u00bbMensaje\u00bb field_type=\u00bbtext\u00bb fullwidth_field=\u00bbon\u00bb _builder_version=\u00bb4.25.2&#8243; hover_enabled=\u00bb0&#8243; global_colors_info=\u00bb{}\u00bb button_text_size__hover_enabled=\u00bboff\u00bb button_one_text_size__hover_enabled=\u00bboff\u00bb button_two_text_size__hover_enabled=\u00bboff\u00bb button_text_color__hover_enabled=\u00bboff\u00bb button_one_text_color__hover_enabled=\u00bboff\u00bb button_two_text_color__hover_enabled=\u00bboff\u00bb button_border_width__hover_enabled=\u00bboff\u00bb button_one_border_width__hover_enabled=\u00bboff\u00bb button_two_border_width__hover_enabled=\u00bboff\u00bb button_border_color__hover_enabled=\u00bboff\u00bb button_one_border_color__hover_enabled=\u00bboff\u00bb button_two_border_color__hover_enabled=\u00bboff\u00bb button_border_radius__hover_enabled=\u00bboff\u00bb button_one_border_radius__hover_enabled=\u00bboff\u00bb button_two_border_radius__hover_enabled=\u00bboff\u00bb button_letter_spacing__hover_enabled=\u00bboff\u00bb button_one_letter_spacing__hover_enabled=\u00bboff\u00bb button_two_letter_spacing__hover_enabled=\u00bboff\u00bb button_bg_color__hover_enabled=\u00bboff\u00bb button_one_bg_color__hover_enabled=\u00bboff\u00bb button_two_bg_color__hover_enabled=\u00bboff\u00bb sticky_enabled=\u00bb0&#8243;][\/et_pb_contact_field][\/et_pb_contact_form][\/et_pb_column][\/et_pb_row][\/et_pb_section]<\/p>\n","protected":false},"excerpt":{"rendered":"<p>E-mail:\u00a0ventasgdl@nevemex.com Sala de exhibici\u00f3n y Centro de Entrenamiento ProfesionalMontes Urales # 2538Col. La Esperanza. Guadalajara, Jalisco, M\u00e9xico. C.P. 44300. Tels:\u00a001 (33) 3609 2985\u00a0\/ 1971 8689 \/ 9688 5564Distribuidor: Gaspar Bola\u00f1os #705Col. Jardines Alcalde. Guadalajara, Jalisco, M\u00e9xico. C.P. 44298.Tel: 01 (33) 3854 2747. Venta y Demostraci\u00f3n de equipo en\u00a0Monterrey NL.:\u00a0\u00a0Tel 81 1079 6585. &nbsp; Venta de [&hellip;]<\/p>\n","protected":false},"author":1,"featured_media":0,"parent":0,"menu_order":0,"comment_status":"closed","ping_status":"closed","template":"","meta":{"_et_pb_use_builder":"on","_et_pb_old_content":"","_et_gb_content_width":"","footnotes":""},"class_list":["post-155","page","type-page","status-publish","hentry"],"_links":{"self":[{"href":"https:\/\/tuplazagdl.com\/site\/wp-json\/wp\/v2\/pages\/155","targetHints":{"allow":["GET"]}}],"collection":[{"href":"https:\/\/tuplazagdl.com\/site\/wp-json\/wp\/v2\/pages"}],"about":[{"href":"https:\/\/tuplazagdl.com\/site\/wp-json\/wp\/v2\/types\/page"}],"author":[{"embeddable":true,"href":"https:\/\/tuplazagdl.com\/site\/wp-json\/wp\/v2\/users\/1"}],"replies":[{"embeddable":true,"href":"https:\/\/tuplazagdl.com\/site\/wp-json\/wp\/v2\/comments?post=155"}],"version-history":[{"count":7,"href":"https:\/\/tuplazagdl.com\/site\/wp-json\/wp\/v2\/pages\/155\/revisions"}],"predecessor-version":[{"id":167,"href":"https:\/\/tuplazagdl.com\/site\/wp-json\/wp\/v2\/pages\/155\/revisions\/167"}],"wp:attachment":[{"href":"https:\/\/tuplazagdl.com\/site\/wp-json\/wp\/v2\/media?parent=155"}],"curies":[{"name":"wp","href":"https:\/\/api.w.org\/{rel}","templated":true}]}}